{"id":3688,"date":"2021-03-24T09:50:35","date_gmt":"2021-03-24T09:50:35","guid":{"rendered":"https:\/\/www.drijanshpk.com\/?page_id=3688"},"modified":"2021-03-24T10:26:33","modified_gmt":"2021-03-24T10:26:33","slug":"zolllager-voruebergehendes-lager","status":"publish","type":"page","link":"https:\/\/drijanshpk.com\/?page_id=3688","title":{"rendered":"Zolllager &#038; vor\u00fcbergehendes Lager"},"content":{"rendered":"<div class=\"wpb-content-wrapper\">[vc_row][vc_column][vc_column_text][\/vc_column_text][\/vc_column][\/vc_row][vc_row][vc_column][vc_row_inner equal_height=&#8221;yes&#8221;][vc_column_inner width=&#8221;5\/12&#8243;]<div class=\"cws_spacing cws_spacing_size_sm_desctop-on cws_spacing_tablet-on cws_spacing_mobile-on\"><div class=\"cws_spacing cws_spacing_default\" style=\"height:70px;\"><\/div> <div class=\"cws_spacing cws_spacing_size_sm_desctop\" style=\"height:70px;\"><\/div> <div class=\"cws_spacing cws_spacing_tablet\" style=\"height:70px;\"><\/div> <div class=\"cws_spacing cws_spacing_mobile\" style=\"height:0px;\"><\/div><\/div><div class='cws_textmodule cws_vc_shortcode_module  vc_custom_1616579612763' id='cws_textmodule_69e33aa978e06'><div class='cws_textmodule_wrapper '><div class='cws_textmodule_text text_align_left'><div class='cws_textmodule_titles display_block'><h1 class='cws_textmodule_title'><span>Lagerhaltung<\/span><\/h1><\/div><div class='cws_textmodule_content'><div class='text_content_wrapper'>\n<p>Dank der langj\u00e4hrigen Erfahrung unserer Mitarbeiter im Bereich der internationaler Transport-, Logistik- und Zollhilfe bieten wir Ihnen einen sicheren und qualitativ hochwertigen Lagerservice und das vor\u00fcbergehende Zolllager, der Sie sorgf\u00e4ltig und pr\u00e4zise in allen administrativen und b\u00fcrokratischen Verfahren unterst\u00fctzt.<\/p>\n<p>&nbsp;<\/p>\n<p><strong>F\u00fcr Ihr Zolllager k\u00fcmmern wir uns um alles<\/strong><\/p>\n<p>Wir k\u00fcmmern uns auch um die Zolllagerung f\u00fcr die Lagerung von Waren in Bereichen (Lager) unter der Kontrolle der Zollagentur, so dass Ihr Unternehmen von der Befreiung von Z\u00f6llen und anderen Steuern bis zum Zeitpunkt der Einfuhr der Waren profitieren kann.<\/p>\n<p>Unsere Mitarbeiter k\u00fcmmern sich dann um alle Antragsverfahren und Unterlagen, die f\u00fcr den Zugang zu dieser speziellen Art der Steueraussetzung erforderlich sind.<\/p>\n<\/div><\/div><\/div><\/div><\/div><div class=\"cws_spacing\"><div class=\"cws_spacing cws_spacing_default\" style=\"height:50px;\"><\/div><\/div>[\/vc_column_inner][vc_column_inner width=&#8221;7\/12&#8243;][vc_single_image image=&#8221;2122&#8243; img_size=&#8221;full&#8221; alignment=&#8221;center&#8221;][\/vc_column_inner][\/vc_row_inner]<div class=\"cws_spacing\"><div class=\"cws_spacing cws_spacing_default\" style=\"height:100px;\"><\/div><\/div>[\/vc_column][\/vc_row][vc_row][vc_column][vc_column_text]\n[\/vc_column_text][\/vc_column][\/vc_row][vc_row][vc_column][vc_column_text][\/vc_column_text][\/vc_column][\/vc_row][vc_row full_width=&#8221;stretch_row&#8221; css=&#8221;.vc_custom_1548751553435{background-color: #fb4f3e !important;}&#8221;][vc_column]<div class='cws_textmodule cws_vc_shortcode_module' id='cws_textmodule_69e33aa9790e9'><div class='cws_textmodule_wrapper '><div class='cws_textmodule_text text_align_center'><div class='cws_textmodule_titles display_block'><h1 class='cws_textmodule_title'><span>Verbundene Dienste:<\/span><\/h1><\/div><div class='cws_textmodule_content'><div class='text_content_wrapper'><p>Wir garantieren umfassende logistische Dienstleistungen, einschlie\u00dflich:<\/p>\n<\/div><\/div><\/div><\/div><\/div>[\/vc_column][\/vc_row][vc_row][vc_column][vc_column_text][vc_row][vc_column width=&#8221;1\/1&#8243;][vc_column_text]\n[\/vc_column_text][\/vc_column][\/vc_row][vc_row full_width=&#8221;stretch_row_content_no_spaces&#8221;][vc_column]<div id='tabs_gallery_id_69e33aa979de4' class='shortcode_tabs_gallery '><div class='container'><div class='tabs_content'><div class='tabs_controls'><div class='tabs_control_item active'><div class='tabs_control_title'>Versicherung der Waren<\/div><div class='tabs_control_counter'>01<\/div><\/div><div class='tabs_control_item'><div class='tabs_control_title'>Verarbeitung von Sendungen im Import und im Export<\/div><div class='tabs_control_counter'>02<\/div><\/div><div class='tabs_control_item'><div class='tabs_control_title'>MwSt.-Einlage<\/div><div class='tabs_control_counter'>03<\/div><\/div><div class='tabs_control_item'><div class='tabs_control_title'>Interner Zolldienst<\/div><div class='tabs_control_counter'>04<\/div><\/div><div class='tabs_control_item'><div class='tabs_control_title'>Pick &amp; Pack, Co-Verpackung, Folienverpackung, Etikettierung<\/div><div class='tabs_control_counter'>05<\/div><\/div><div class='tabs_control_item'><div class='tabs_control_title'>Vor\u00fcbergehende Warenlagerlogistik<\/div><div class='tabs_control_counter'>06<\/div><\/div><div class='tabs_control_item'><div class='tabs_control_title'>Bestandsverwaltung (FIFO, LIFO, FEFO)<\/div><div class='tabs_control_counter'>07<\/div><\/div><div class='tabs_control_item'><div class='tabs_control_title'>Bestandsberichterstattung<\/div><div class='tabs_control_counter'>08<\/div><\/div><div class='tabs_control_item'><div class='tabs_control_title'>Retourenmanagement<\/div><div class='tabs_control_counter'>09<\/div><\/div><div class='tabs_control_item'><div class='tabs_control_title'>Versicherung auf Waren<\/div><div class='tabs_control_counter'>10<\/div><\/div><div class='tabs_control_item'><div class='tabs_control_title'>Zoll- und Verbrauchsteuerdienstleistungen<\/div><div class='tabs_control_counter'>11<\/div><\/div><\/div><div class='tabs_text_wrapper'><div class='tab tabs_text'><h3 class='tab_text_title'>Versicherung der Waren<\/h3><\/div><div class='tab tabs_text'><h3 class='tab_text_title'>Verarbeitung von Sendungen im Import und im Export<\/h3><\/div><div class='tab tabs_text'><h3 class='tab_text_title'>MwSt.-Einlage<\/h3><\/div><div class='tab tabs_text'><h3 class='tab_text_title'>Interner Zolldienst<\/h3><\/div><div class='tab tabs_text'><h3 class='tab_text_title'>Pick &amp; Pack, Co-Verpackung, Folienverpackung, Etikettierung<\/h3><\/div><div class='tab tabs_text'><h3 class='tab_text_title'>Vor\u00fcbergehende Warenlagerlogistik<\/h3><\/div><div class='tab tabs_text'><h3 class='tab_text_title'>Bestandsverwaltung (FIFO, LIFO, FEFO)<\/h3><\/div><div class='tab tabs_text'><h3 class='tab_text_title'>Bestandsberichterstattung<\/h3><\/div><div class='tab tabs_text'><h3 class='tab_text_title'>Retourenmanagement<\/h3><\/div><div class='tab tabs_text'><h3 class='tab_text_title'>Versicherung auf Waren<\/h3><\/div><div class='tab tabs_text'><h3 class='tab_text_title'>Zoll- und Verbrauchsteuerdienstleistungen<\/h3><\/div><\/div><\/div><\/div><div class='tabs_bg'><div class='tabs_content_placeholder'><\/div><div class='tabs_gallery'><div class='tabs_gallery_item' style='background-image: url(https:\/\/drijanshpk.com\/wp-content\/uploads\/2019\/02\/2-1.jpg);'><\/div><div class='tabs_gallery_item' style='background-image: url(https:\/\/drijanshpk.com\/wp-content\/uploads\/2019\/01\/9_fullhd-1.jpg);'><\/div><div class='tabs_gallery_item' style='background-image: url(https:\/\/drijanshpk.com\/wp-content\/uploads\/2019\/01\/7_2-1.jpg);'><\/div><div class='tabs_gallery_item' style='background-image: url(https:\/\/drijanshpk.com\/wp-content\/uploads\/2019\/01\/11-3.jpg);'><\/div><div class='tabs_gallery_item' style='background-image: url(https:\/\/drijanshpk.com\/wp-content\/uploads\/2019\/01\/11-3.jpg);'><\/div><div class='tabs_gallery_item' style='background-image: url(https:\/\/drijanshpk.com\/wp-content\/uploads\/2019\/01\/11-3.jpg);'><\/div><div class='tabs_gallery_item' style='background-image: url(https:\/\/drijanshpk.com\/wp-content\/uploads\/2019\/01\/11-3.jpg);'><\/div><div class='tabs_gallery_item' style='background-image: url(https:\/\/drijanshpk.com\/wp-content\/uploads\/2019\/01\/11-3.jpg);'><\/div><div class='tabs_gallery_item' style='background-image: url(https:\/\/drijanshpk.com\/wp-content\/uploads\/2019\/01\/11-3.jpg);'><\/div><div class='tabs_gallery_item' style='background-image: url(https:\/\/drijanshpk.com\/wp-content\/uploads\/2019\/01\/11-3.jpg);'><\/div><div class='tabs_gallery_item' style='background-image: url(https:\/\/drijanshpk.com\/wp-content\/uploads\/2019\/01\/11-3.jpg);'><\/div><\/div><\/div><\/div>[\/vc_column][\/vc_row][vc_row][vc_column][vc_column_text][\/vc_column_text][\/vc_column][\/vc_row][vc_row][vc_column]<div class=\"cws_spacing\"><div class=\"cws_spacing cws_spacing_default\" style=\"height:100px;\"><\/div><\/div><div class='cws_textmodule cws_vc_shortcode_module' id='cws_textmodule_69e33aa97a126'><div class='cws_textmodule_wrapper '><div class='cws_textmodule_text text_align_center'><div class='cws_textmodule_titles display_block'><h1 class='cws_textmodule_title'><span>Lagerhaltung und Lagerung<\/span><\/h1><\/div><div class='cws_textmodule_content'><div class='text_content_wrapper'><p>Der R\u00fcckgriff auf Zolllager hat zahlreiche Vorteile. Sicherlich finanziell bei latenter Zahlung von Steuern, sind Waren somit sofort ohne belastende Besteuerung verf\u00fcgbar und sofort bereit f\u00fcr den schnellen Versand.<\/p>\n<\/div><\/div><\/div><\/div><\/div><div class=\"cws_spacing\"><div class=\"cws_spacing cws_spacing_default\" style=\"height:100px;\"><\/div><\/div>[\/vc_column][\/vc_row][vc_row][vc_column][vc_column_text]\n[\/vc_column_text][\/vc_column][\/vc_row][vc_row][vc_column][vc_column_text][\/vc_column_text][\/vc_column][\/vc_row][vc_row full_width=&#8221;stretch_row&#8221; bg_cws_color=&#8221;color&#8221; cws_overlay_color=&#8221;rgba(0,0,0,0.75)&#8221; css=&#8221;.vc_custom_1548762979291{background-image: url(http:\/\/www.drijanshpk.com\/wp-content\/uploads\/2019\/01\/8-4-1.jpg?id=2187) !important;}&#8221;][vc_column width=&#8221;1\/4&#8243;][\/vc_column][vc_column width=&#8221;1\/2&#8243;]<div class=\"cws_spacing\"><div class=\"cws_spacing cws_spacing_default\" style=\"height:100px;\"><\/div><\/div>[vc_single_image image=&#8221;62&#8243; img_size=&#8221;small&#8221; alignment=&#8221;center&#8221;]<div class='cws_textmodule cws_vc_shortcode_module' id='cws_textmodule_69e33aa97a433'><div class='cws_textmodule_wrapper '><div class='cws_textmodule_text text_align_center'><div class='cws_textmodule_titles display_block'><h1 class='cws_textmodule_title'><span>Die Lager sind ausgestattet mit:<\/span><\/h1><\/div><div class='cws_textmodule_content'><div class='text_content_wrapper'><ul>\n<li style=\"text-align: center;\">\n<p>Mehrstufiges Speicher-Racking-System<\/p>\n<\/li>\n<li style=\"text-align: center;\">\n<p>Modernes internes Transportsystem<\/p>\n<\/li>\n<li style=\"text-align: center;\">\n<p>Ein Tor mit einer Kapazit\u00e4t von 50 Tonnen, das gleichzeitig zwei Bahngleise unter dem Dach verarbeiten kann<\/p>\n<\/li>\n<li style=\"text-align: center;\">\n<p>Alarmierte Videokameras werden \u00fcberwacht.<\/p>\n<\/li>\n<\/ul>\n<\/div><\/div><\/div><\/div><\/div><div class=\"cws_spacing\"><div class=\"cws_spacing cws_spacing_default\" style=\"height:100px;\"><\/div><\/div>[\/vc_column][vc_column width=&#8221;1\/4&#8243;][\/vc_column][\/vc_row][vc_row][vc_column][vc_column_text]\n[\/vc_column_text][\/vc_column][\/vc_row]<\/div>","protected":false},"excerpt":{"rendered":"<p>[vc_row][vc_column][vc_column_text][\/vc_column_text][\/vc_column][\/vc_row][vc_row][vc_column][vc_column_text][\/vc_column_text][\/vc_column][\/vc_row][vc_row full_width=&#8221;stretch_row_content_no_spaces&#8221;][vc_column][\/vc_column][\/vc_row][vc_row][vc_column][vc_column_text][\/vc_column_text][\/vc_column][\/vc_row][vc_row][vc_column][vc_column_text][\/vc_column_text][\/vc_column][\/vc_row]<\/p>\n","protected":false},"author":2,"featured_media":0,"parent":0,"menu_order":0,"comment_status":"closed","ping_status":"closed","template":"","meta":{"_coblocks_attr":"","_coblocks_dimensions":"","_coblocks_responsive_height":"","_coblocks_accordion_ie_support":"","footnotes":""},"class_list":["post-3688","page","type-page","status-publish","hentry"],"_links":{"self":[{"href":"https:\/\/drijanshpk.com\/index.php?rest_route=\/wp\/v2\/pages\/3688","targetHints":{"allow":["GET"]}}],"collection":[{"href":"https:\/\/drijanshpk.com\/index.php?rest_route=\/wp\/v2\/pages"}],"about":[{"href":"https:\/\/drijanshpk.com\/index.php?rest_route=\/wp\/v2\/types\/page"}],"author":[{"embeddable":true,"href":"https:\/\/drijanshpk.com\/index.php?rest_route=\/wp\/v2\/users\/2"}],"replies":[{"embeddable":true,"href":"https:\/\/drijanshpk.com\/index.php?rest_route=%2Fwp%2Fv2%2Fcomments&post=3688"}],"version-history":[{"count":5,"href":"https:\/\/drijanshpk.com\/index.php?rest_route=\/wp\/v2\/pages\/3688\/revisions"}],"predecessor-version":[{"id":3710,"href":"https:\/\/drijanshpk.com\/index.php?rest_route=\/wp\/v2\/pages\/3688\/revisions\/3710"}],"wp:attachment":[{"href":"https:\/\/drijanshpk.com\/index.php?rest_route=%2Fwp%2Fv2%2Fmedia&parent=3688"}],"curies":[{"name":"wp","href":"https:\/\/api.w.org\/{rel}","templated":true}]}}