{"id":3673,"date":"2021-03-24T09:19:02","date_gmt":"2021-03-24T09:19:02","guid":{"rendered":"https:\/\/www.drijanshpk.com\/?page_id=3673"},"modified":"2021-03-24T10:02:54","modified_gmt":"2021-03-24T10:02:54","slug":"uber-uns","status":"publish","type":"page","link":"https:\/\/drijanshpk.com\/?page_id=3673","title":{"rendered":"Die Geschichte von Drijan Shpk"},"content":{"rendered":"<div class=\"wpb-content-wrapper\">[vc_row][vc_column][vc_column_text][\/vc_column_text][\/vc_column][\/vc_row][vc_row equal_height=&#8221;yes&#8221; css=&#8221;.vc_custom_1548062129681{padding-bottom: 100px !important;}&#8221;][vc_column width=&#8221;5\/12&#8243; css=&#8221;.vc_custom_1548138423636{padding-right: 75px !important;}&#8221;]<div class='cws_textmodule cws_vc_shortcode_module' id='cws_textmodule_69e33a018bb4b'><div class='cws_textmodule_wrapper '><div class='cws_textmodule_text text_align_left'><div class='cws_textmodule_titles display_block'><h1 class='cws_textmodule_title'><span>\u00dcber uns<\/span><\/h1><\/div><div class='cws_textmodule_content'><div class='text_content_wrapper'>\n<p>Drijan ist eine Zollagentur, die vom Hrn. Dritan Shyti im Jahr gegr\u00fcndet wurde und ihre T\u00e4tigkeit haupts\u00e4chlich auf dem Bereich der Erledigung von Zollhandlungen und Spedition aus\u00fcbt. Unser Unternehmen hat schon das Vertrauen mehrerer Unternehmen f\u00fcr Seeverkehr oder Lufttransporte sowie von internationalen Unternehmen gewonnen. Wir haben die Bandbreite unserer Dienstleistungen ausgeweitet, die folgendes beinhaltet: Transport von Industrieprodukten, interkontinentale Transporte auf Land- und Luftwege auf der ganzen Welt, Zolllagerung und vor\u00fcbergehendes Lagern sowie Agentur f\u00fcr den Seeverkehr. Um die Bed\u00fcrfnisse und Erwartungen unserer Kunden zu erf\u00fcllen, bieten wir professionelle Beratung sowie online-Verfolgung der Bestellung. Unsere Philosophie lautet \u201eKundenorientierung\u201c.<\/p>\n<\/div><\/div><\/div><\/div><\/div><div class=\"cws_spacing cws_spacing_size_sm_desctop-on cws_spacing_tablet-on cws_spacing_mobile-on\"><div class=\"cws_spacing cws_spacing_default\" style=\"height:40px;\"><\/div> <div class=\"cws_spacing cws_spacing_size_sm_desctop\" style=\"height:40px;\"><\/div> <div class=\"cws_spacing cws_spacing_tablet\" style=\"height:40px;\"><\/div> <div class=\"cws_spacing cws_spacing_mobile\" style=\"height:40px;\"><\/div><\/div>[\/vc_column][vc_column width=&#8221;7\/12&#8243;][vc_column_text css_animation=&#8221;bounceIn&#8221;]<img loading=\"lazy\" decoding=\"async\" class=\"alignnone wp-image-3359 size-full\" src=\"http:\/\/www.drijanshpk.com\/wp-content\/uploads\/2021\/01\/dogana.jpg\" alt=\"\" width=\"594\" height=\"412\" srcset=\"https:\/\/drijanshpk.com\/wp-content\/uploads\/2021\/01\/dogana.jpg 594w, https:\/\/drijanshpk.com\/wp-content\/uploads\/2021\/01\/dogana-300x208.jpg 300w\" sizes=\"auto, (max-width: 594px) 100vw, 594px\" \/>[\/vc_column_text][\/vc_column][\/vc_row][vc_row][vc_column][vc_column_text]\n[\/vc_column_text][\/vc_column][\/vc_row][vc_row][vc_column][vc_column_text][\/vc_column_text][\/vc_column][\/vc_row][vc_row full_width=&#8221;stretch_row_content&#8221; css=&#8221;.vc_custom_1549453219564{background-color: #2b357b !important;}&#8221;][vc_column][vc_row_inner equal_height=&#8221;yes&#8221;][vc_column_inner width=&#8221;1\/3&#8243; add_hover_bg=&#8221;1&#8243; vc_column_bg_color=&#8221;#353f8b&#8221; add_right_line=&#8221;1&#8243; vc_column_right_line_color=&#8221;#353f8b&#8221; css=&#8221;.vc_custom_1549462923791{padding-right: 100px !important;padding-left: 100px !important;}&#8221;]<div class=\"cws_spacing cws_spacing_size_sm_desctop-on cws_spacing_tablet-on cws_spacing_mobile-on\"><div class=\"cws_spacing cws_spacing_default\" style=\"height:115px;\"><\/div> <div class=\"cws_spacing cws_spacing_size_sm_desctop\" style=\"height:80px;\"><\/div> <div class=\"cws_spacing cws_spacing_tablet\" style=\"height:80px;\"><\/div> <div class=\"cws_spacing cws_spacing_mobile\" style=\"height:50px;\"><\/div><\/div><span class='icon-wrapper aligncenter'><span id='cws_vc_shortcode_icon_69e33a018bce7' class='cws_vc_shortcode_icon simple cws_vc_shortcode_icon_3x aligncenter' style='font-size:80px'><\/span><\/span><div class='cws_textmodule cws_vc_shortcode_module' id='cws_textmodule_69e33a018bff2'><div class='cws_textmodule_wrapper '><div class='cws_textmodule_text text_align_center'><div class='cws_textmodule_titles display_block'><h1 class='cws_textmodule_title'><span>Dokumentation<\/span><\/h1><\/div><div class='cws_textmodule_content'><div class='text_content_wrapper'><p>Drijan shpk erstellt alle notwendigen Unterlagen sowie bietet Beratung daf\u00fcr, die richtige L\u00f6sung in verschiedenen Situationen f\u00fcr alle Ihre Bed\u00fcrfnisse beim Import-Export.<\/p>\n<\/div><\/div><\/div><\/div><\/div><div class=\"cws_spacing cws_spacing_size_sm_desctop-on cws_spacing_tablet-on cws_spacing_mobile-on\"><div class=\"cws_spacing cws_spacing_default\" style=\"height:50px;\"><\/div> <div class=\"cws_spacing cws_spacing_size_sm_desctop\" style=\"height:50px;\"><\/div> <div class=\"cws_spacing cws_spacing_tablet\" style=\"height:50px;\"><\/div> <div class=\"cws_spacing cws_spacing_mobile\" style=\"height:50px;\"><\/div><\/div><div class=\"cws_spacing cws_spacing_size_sm_desctop-on cws_spacing_tablet-on cws_spacing_mobile-on\"><div class=\"cws_spacing cws_spacing_default\" style=\"height:50px;\"><\/div> <div class=\"cws_spacing cws_spacing_size_sm_desctop\" style=\"height:50px;\"><\/div> <div class=\"cws_spacing cws_spacing_tablet\" style=\"height:50px;\"><\/div> <div class=\"cws_spacing cws_spacing_mobile\" style=\"height:50px;\"><\/div><\/div>[\/vc_column_inner][vc_column_inner width=&#8221;1\/3&#8243; add_hover_bg=&#8221;1&#8243; vc_column_bg_color=&#8221;#353f8b&#8221; add_right_line=&#8221;1&#8243; vc_column_right_line_color=&#8221;#353f8b&#8221; css=&#8221;.vc_custom_1549462946321{padding-right: 100px !important;padding-left: 100px !important;}&#8221;]<div class=\"cws_spacing cws_spacing_size_sm_desctop-on cws_spacing_tablet-on cws_spacing_mobile-on\"><div class=\"cws_spacing cws_spacing_default\" style=\"height:115px;\"><\/div> <div class=\"cws_spacing cws_spacing_size_sm_desctop\" style=\"height:80px;\"><\/div> <div class=\"cws_spacing cws_spacing_tablet\" style=\"height:80px;\"><\/div> <div class=\"cws_spacing cws_spacing_mobile\" style=\"height:50px;\"><\/div><\/div><span class='icon-wrapper aligncenter'><span id='cws_vc_shortcode_icon_69e33a018c120' class='cws_vc_shortcode_icon simple cws_vc_shortcode_icon_3x aligncenter' style='font-size:80px'><\/span><\/span><div class='cws_textmodule cws_vc_shortcode_module' id='cws_textmodule_69e33a018c419'><div class='cws_textmodule_wrapper '><div class='cws_textmodule_text text_align_center'><div class='cws_textmodule_titles display_block'><h1 class='cws_textmodule_title'><span>Transport<\/span><\/h1><\/div><div class='cws_textmodule_content'><div class='text_content_wrapper'><p>Drijan shpk bietet L\u00f6sungen f\u00fcr alle Transportarten von Materialien, wie Luft-, Meeres-, Landtransporte, indem man sich dabei an die Besonderheit der Waren und an die festgelegte Frist anpasst.<\/p>\n<\/div><\/div><\/div><\/div><\/div><div class=\"cws_spacing cws_spacing_size_sm_desctop-on cws_spacing_tablet-on cws_spacing_mobile-on\"><div class=\"cws_spacing cws_spacing_default\" style=\"height:50px;\"><\/div> <div class=\"cws_spacing cws_spacing_size_sm_desctop\" style=\"height:50px;\"><\/div> <div class=\"cws_spacing cws_spacing_tablet\" style=\"height:50px;\"><\/div> <div class=\"cws_spacing cws_spacing_mobile\" style=\"height:50px;\"><\/div><\/div><div class=\"cws_spacing cws_spacing_size_sm_desctop-on cws_spacing_tablet-on cws_spacing_mobile-on\"><div class=\"cws_spacing cws_spacing_default\" style=\"height:50px;\"><\/div> <div class=\"cws_spacing cws_spacing_size_sm_desctop\" style=\"height:50px;\"><\/div> <div class=\"cws_spacing cws_spacing_tablet\" style=\"height:50px;\"><\/div> <div class=\"cws_spacing cws_spacing_mobile\" style=\"height:50px;\"><\/div><\/div>[\/vc_column_inner][vc_column_inner width=&#8221;1\/3&#8243; add_hover_bg=&#8221;1&#8243; vc_column_bg_color=&#8221;rgba(47,57,133,0.7)&#8221; css=&#8221;.vc_custom_1549453489609{padding-right: 100px !important;padding-left: 100px !important;}&#8221;]<div class=\"cws_spacing cws_spacing_size_sm_desctop-on cws_spacing_tablet-on cws_spacing_mobile-on\"><div class=\"cws_spacing cws_spacing_default\" style=\"height:115px;\"><\/div> <div class=\"cws_spacing cws_spacing_size_sm_desctop\" style=\"height:80px;\"><\/div> <div class=\"cws_spacing cws_spacing_tablet\" style=\"height:80px;\"><\/div> <div class=\"cws_spacing cws_spacing_mobile\" style=\"height:50px;\"><\/div><\/div><span class='icon-wrapper aligncenter'><span id='cws_vc_shortcode_icon_69e33a018c508' class='cws_vc_shortcode_icon simple cws_vc_shortcode_icon_3x aligncenter' style='font-size:80px'><\/span><\/span><div class='cws_textmodule cws_vc_shortcode_module' id='cws_textmodule_69e33a018c728'><div class='cws_textmodule_wrapper '><div class='cws_textmodule_text text_align_center'><div class='cws_textmodule_titles display_block'><h1 class='cws_textmodule_title'><span>Lieferung<\/span><\/h1><\/div><div class='cws_textmodule_content'><div class='text_content_wrapper'><p>Drijan mit seiner Transportagentur bietet professionelle L\u00f6sungen und in k\u00fcrzester Zeit innerhalb des albanischen Hoheitsgebietes.<\/p>\n<\/div><\/div><\/div><\/div><\/div><div class=\"cws_spacing cws_spacing_size_sm_desctop-on cws_spacing_tablet-on cws_spacing_mobile-on\"><div class=\"cws_spacing cws_spacing_default\" style=\"height:50px;\"><\/div> <div class=\"cws_spacing cws_spacing_size_sm_desctop\" style=\"height:50px;\"><\/div> <div class=\"cws_spacing cws_spacing_tablet\" style=\"height:50px;\"><\/div> <div class=\"cws_spacing cws_spacing_mobile\" style=\"height:50px;\"><\/div><\/div><div class=\"cws_spacing cws_spacing_size_sm_desctop-on cws_spacing_tablet-on cws_spacing_mobile-on\"><div class=\"cws_spacing cws_spacing_default\" style=\"height:50px;\"><\/div> <div class=\"cws_spacing cws_spacing_size_sm_desctop\" style=\"height:50px;\"><\/div> <div class=\"cws_spacing cws_spacing_tablet\" style=\"height:50px;\"><\/div> <div class=\"cws_spacing cws_spacing_mobile\" style=\"height:50px;\"><\/div><\/div>[\/vc_column_inner][\/vc_row_inner][\/vc_column][\/vc_row][vc_row][vc_column][vc_column_text]\n[\/vc_column_text][\/vc_column][\/vc_row][vc_row][vc_column][vc_column_text][\/vc_column_text][\/vc_column][\/vc_row][vc_row][vc_column]<div class=\"cws_spacing cws_spacing_size_sm_desctop-on cws_spacing_tablet-on cws_spacing_mobile-on\"><div class=\"cws_spacing cws_spacing_default\" style=\"height:100px;\"><\/div> <div class=\"cws_spacing cws_spacing_size_sm_desctop\" style=\"height:75px;\"><\/div> <div class=\"cws_spacing cws_spacing_tablet\" style=\"height:50px;\"><\/div> <div class=\"cws_spacing cws_spacing_mobile\" style=\"height:50px;\"><\/div><\/div>[vc_row_inner][vc_column_inner width=&#8221;7\/12&#8243;][vc_column_text]<img loading=\"lazy\" decoding=\"async\" class=\"alignnone wp-image-3360 size-full\" src=\"http:\/\/www.drijanshpk.com\/wp-content\/uploads\/2021\/01\/customs.jpg\" alt=\"\" width=\"671\" height=\"671\" srcset=\"https:\/\/drijanshpk.com\/wp-content\/uploads\/2021\/01\/customs.jpg 671w, https:\/\/drijanshpk.com\/wp-content\/uploads\/2021\/01\/customs-300x300.jpg 300w, https:\/\/drijanshpk.com\/wp-content\/uploads\/2021\/01\/customs-150x150.jpg 150w\" sizes=\"auto, (max-width: 671px) 100vw, 671px\" \/>[\/vc_column_text]<div class=\"cws_spacing cws_spacing_size_sm_desctop-on cws_spacing_tablet-on cws_spacing_mobile-on\"><div class=\"cws_spacing cws_spacing_default\" style=\"height:100px;\"><\/div> <div class=\"cws_spacing cws_spacing_size_sm_desctop\" style=\"height:75px;\"><\/div> <div class=\"cws_spacing cws_spacing_tablet\" style=\"height:50px;\"><\/div> <div class=\"cws_spacing cws_spacing_mobile\" style=\"height:50px;\"><\/div><\/div>[\/vc_column_inner][vc_column_inner width=&#8221;5\/12&#8243; css=&#8221;.vc_custom_1548137969324{padding-left: 85px !important;}&#8221;]<div class=\"cws_spacing\"><div class=\"cws_spacing cws_spacing_default\" style=\"height:50px;\"><\/div><\/div><div class='cws_textmodule cws_vc_shortcode_module' id='cws_textmodule_69e33a018c9eb'><div class='cws_textmodule_wrapper '><div class='cws_textmodule_text text_align_left'><div class='cws_textmodule_titles display_block'><h1 class='cws_textmodule_title'><span>Unsere Mission<\/span><\/h1><\/div><div class='cws_textmodule_content'><div class='text_content_wrapper'><ul>\n<li>\n<p>Wir beabsichtigen glaubw\u00fcrdige Partner f\u00fcr unsere Kunden zu sein und die maximale Marktdeckung auf dem Bereich von Import-Export sicherzustellen.<\/p>\n<\/li>\n<li>\n<p>Wir stehen immer f\u00fcr Neuigkeiten und Innovationen.<\/p>\n<\/li>\n<li>\n<p>Wir wollen m\u00f6glichst professionelles und motiviertes Personal sein.<\/p>\n<\/li>\n<li>\n<p>Wir wollen immer die Werte bewahren. Integrit\u00e4t, Exzellenz, Der Kunde ist unsere Priorit\u00e4t.<\/p>\n<\/li>\n<\/ul>\n<\/div><\/div><\/div><\/div><\/div><div class=\"cws_spacing cws_spacing_size_sm_desctop-on cws_spacing_tablet-on cws_spacing_mobile-on\"><div class=\"cws_spacing cws_spacing_default\" style=\"height:100px;\"><\/div> <div class=\"cws_spacing cws_spacing_size_sm_desctop\" style=\"height:75px;\"><\/div> <div class=\"cws_spacing cws_spacing_tablet\" style=\"height:50px;\"><\/div> <div class=\"cws_spacing cws_spacing_mobile\" style=\"height:50px;\"><\/div><\/div><div class='cws_textmodule cws_vc_shortcode_module' id='cws_textmodule_69e33a018cc3e'><div class='cws_textmodule_wrapper '><div class='cws_textmodule_text text_align_left'><div class='cws_textmodule_titles display_block'><h1 class='cws_textmodule_title'><span>Unsere Vision<\/span><\/h1><\/div><div class='cws_textmodule_content'><div class='text_content_wrapper'><ul>\n<li>\n<p>Unsere Vision ist es, ein f\u00fchrendes Unternehmen in seiner weiteren Entwicklung und Ausbreitung sein, indem wir es schaffen, alle Dienstleistungen ohne Subunternehmer zu leisten.<\/p>\n<\/li>\n<\/ul>\n<\/div><\/div><\/div><\/div><\/div><div class=\"cws_spacing cws_spacing_size_sm_desctop-on cws_spacing_tablet-on cws_spacing_mobile-on\"><div class=\"cws_spacing cws_spacing_default\" style=\"height:40px;\"><\/div> <div class=\"cws_spacing cws_spacing_size_sm_desctop\" style=\"height:40px;\"><\/div> <div class=\"cws_spacing cws_spacing_tablet\" style=\"height:40px;\"><\/div> <div class=\"cws_spacing cws_spacing_mobile\" style=\"height:40px;\"><\/div><\/div>[\/vc_column_inner][\/vc_row_inner]<div class=\"cws_spacing cws_spacing_size_sm_desctop-on cws_spacing_tablet-on cws_spacing_mobile-on\"><div class=\"cws_spacing cws_spacing_default\" style=\"height:90px;\"><\/div> <div class=\"cws_spacing cws_spacing_size_sm_desctop\" style=\"height:100px;\"><\/div> <div class=\"cws_spacing cws_spacing_tablet\" style=\"height:50px;\"><\/div> <div class=\"cws_spacing cws_spacing_mobile\" style=\"height:50px;\"><\/div><\/div>[\/vc_column][\/vc_row][vc_row][vc_column][vc_column_text]\n[\/vc_column_text][\/vc_column][\/vc_row][vc_row][vc_column][vc_column_text][\/vc_column_text][\/vc_column][\/vc_row][vc_row full_width=&#8221;stretch_row&#8221; bg_cws_repeat=&#8221;no-repeat&#8221; bg_cws_size=&#8221;contain&#8221; bg_image_position=&#8221;center_bottom&#8221; css=&#8221;.vc_custom_1550233318200{background: #ecf2f5 url(http:\/\/www.drijanshpk.com\/wp-content\/uploads\/2019\/01\/4600-1.jpg?id=1295) !important;}&#8221;][vc_column]<div class=\"cws_spacing cws_spacing_size_sm_desctop-on cws_spacing_tablet-on cws_spacing_mobile-on\"><div class=\"cws_spacing cws_spacing_default\" style=\"height:200px;\"><\/div> <div class=\"cws_spacing cws_spacing_size_sm_desctop\" style=\"height:200px;\"><\/div> <div class=\"cws_spacing cws_spacing_tablet\" style=\"height:100px;\"><\/div> <div class=\"cws_spacing cws_spacing_mobile\" style=\"height:50px;\"><\/div><\/div>[vc_row_inner][vc_column_inner width=&#8221;1\/3&#8243;]<div id='cws_vc_shortcode_milestone_69e33a018cd3d' class='cws_vc_shortcode_milestone cws_vc_shortcode_module a-left icon_left style_advanced'><div class='milestone_wrapper'><div class='cws_vc_shortcode_milestone_wrapper side_line'><div class='cws_vc_shortcode_milestone_data'><div class='cws_milestone_number_wrapper'><div class='icon-varning'>Icon not found.<\/div><div class='milestone_spacer'><\/div><div class='cws_vc_shortcode_milestone_number' data-speed='2000'>77265<\/div><\/div><h6 class='cws_vc_shortcode_milestone_title'>Prozeduren<\/h6><div class='divider'><\/div><div class='cws_vc_shortcode_milestone_desc'>die von Drijan Shpk erfolgreich durchgef\u00fchrt werden.<\/div><\/div><\/div><\/div><\/div>[\/vc_column_inner][vc_column_inner width=&#8221;1\/3&#8243;]<div id='cws_vc_shortcode_milestone_69e33a018ce18' class='cws_vc_shortcode_milestone cws_vc_shortcode_module a-left icon_left style_advanced'><div class='milestone_wrapper'><div class='cws_vc_shortcode_milestone_wrapper side_line'><div class='cws_vc_shortcode_milestone_data'><div class='cws_milestone_number_wrapper'><div class='icon-varning'>Icon not found.<\/div><div class='milestone_spacer'><\/div><div class='cws_vc_shortcode_milestone_number' data-speed='2000'>15<\/div><\/div><h6 class='cws_vc_shortcode_milestone_title'>Die langj\u00e4hrige Erfahrung<\/h6><div class='divider'><\/div><div class='cws_vc_shortcode_milestone_desc'>bringt und dazu, unsere Arbeit perfekt und professionell durchzuf\u00fchren.<\/div><\/div><\/div><\/div><\/div>[\/vc_column_inner][vc_column_inner width=&#8221;1\/3&#8243;]<div id='cws_vc_shortcode_milestone_69e33a018ceda' class='cws_vc_shortcode_milestone cws_vc_shortcode_module a-left icon_left style_advanced'><div class='milestone_wrapper'><div class='cws_vc_shortcode_milestone_wrapper'><div class='cws_vc_shortcode_milestone_data'><div class='cws_milestone_number_wrapper'><div class='icon-varning'>Icon not found.<\/div><div class='milestone_spacer'><\/div><div class='cws_vc_shortcode_milestone_number' data-speed='2000'>12<\/div><\/div><h6 class='cws_vc_shortcode_milestone_title'>Zollagentur<\/h6><div class='divider'><\/div><div class='cws_vc_shortcode_milestone_desc'>Drijanm ist eines von den wenigen Unternehmen, das \u00fcber seine eigenen Agenturen auf jedem Grenz\u00fcbergang verf\u00fcgt sowie eine Agentur f\u00fcr Speditionen auf dem Hafen von Durr\u00ebs.<\/div><\/div><\/div><\/div><\/div>[\/vc_column_inner][\/vc_row_inner]<div class=\"cws_spacing cws_spacing_size_sm_desctop-on cws_spacing_tablet-on cws_spacing_mobile-on\"><div class=\"cws_spacing cws_spacing_default\" style=\"height:200px;\"><\/div> <div class=\"cws_spacing cws_spacing_size_sm_desctop\" style=\"height:200px;\"><\/div> <div class=\"cws_spacing cws_spacing_tablet\" style=\"height:100px;\"><\/div> <div class=\"cws_spacing cws_spacing_mobile\" style=\"height:50px;\"><\/div><\/div>[\/vc_column][\/vc_row][vc_row][vc_column][vc_column_text]\n[\/vc_column_text][\/vc_column][\/vc_row][vc_row][vc_column][vc_column_text][\/vc_column_text][\/vc_column][\/vc_row][vc_row][vc_column]<div class=\"cws_spacing cws_spacing_size_sm_desctop-on cws_spacing_tablet-on cws_spacing_mobile-on\"><div class=\"cws_spacing cws_spacing_default\" style=\"height:90px;\"><\/div> <div class=\"cws_spacing cws_spacing_size_sm_desctop\" style=\"height:85px;\"><\/div> <div class=\"cws_spacing cws_spacing_tablet\" style=\"height:50px;\"><\/div> <div class=\"cws_spacing cws_spacing_mobile\" style=\"height:50px;\"><\/div><\/div>[vc_row_inner][vc_column_inner width=&#8221;5\/12&#8243; css=&#8221;.vc_custom_1548142157277{padding-right: 75px !important;}&#8221;]<div class='cws_textmodule cws_vc_shortcode_module' id='cws_textmodule_69e33a018d0d8'><div class='cws_textmodule_wrapper '><div class='cws_textmodule_text text_align_left'><div class='cws_textmodule_titles display_block'><h1 class='cws_textmodule_title'><span>Unsere Werte<\/span><\/h1><\/div><\/div><\/div><\/div><div class=\"cws_spacing\"><div class=\"cws_spacing cws_spacing_default\" style=\"height:42px;\"><\/div><\/div><div id='cws_service_item_69e33a018d36b' class='cws_service_item cws_vc_shortcode_module title_beside style_default a-left v-top'><a href='#' class='cws_service_item_wrapper clearfix'><span class='cws_service_icon_wrapper cws_service_side'><i class='cws_service_icon flaticon-check'><\/i><\/span><div class='cws_service_info'><h6 class='cws_service_title'>Integrit\u00e4t<\/h6><div class='divider'><\/div><div class='cws_service_desc clearfix'><p>Unsere Handlungen werden durch Aufrichtigkeit, Ehrlichkeit und Nachhaltigkeit charakterisiert. Wir respektieren unsere Verpflichtungen und halten unsere Versprechungen. Wir f\u00fchren unsere Gesch\u00e4ftst\u00e4tigkeiten auf ehrlicher und unparteilicher Weise, ohne dabei von \u00e4u\u00dferen Faktoren oder Sympathien und pers\u00f6nlichen Haltungen beeinflusst zu werden.<\/p>\n<\/div><\/div><\/a><\/div><div class=\"cws_spacing cws_spacing_size_sm_desctop-on cws_spacing_tablet-on cws_spacing_mobile-on\"><div class=\"cws_spacing cws_spacing_default\" style=\"height:30px;\"><\/div> <div class=\"cws_spacing cws_spacing_size_sm_desctop\" style=\"height:30px;\"><\/div> <div class=\"cws_spacing cws_spacing_tablet\" style=\"height:30px;\"><\/div> <div class=\"cws_spacing cws_spacing_mobile\" style=\"height:30px;\"><\/div><\/div><div id='cws_service_item_69e33a018d60c' class='cws_service_item cws_vc_shortcode_module title_beside style_default a-left v-top'><a href='#' class='cws_service_item_wrapper clearfix'><span class='cws_service_icon_wrapper cws_service_side'><i class='cws_service_icon flaticon-check'><\/i><\/span><div class='cws_service_info'><h6 class='cws_service_title'>Teamgeist<\/h6><div class='divider'><\/div><div class='cws_service_desc clearfix'><p>Wir stehen in offenen und positiven Beziehungen, damit wir die Zusammenarbeit f\u00f6rdern und bessere Ergebnisse erzielen. Wir glauben, dass die in Team erzielten Ergebnisse immer gr\u00f6\u00dfer sind als die individuellen Ergebnisse der Menschen, die es erstellen. Wir f\u00f6rdern und wenden die interaktive Kommunikation sowie den konstruktiven Dialog an.<\/p>\n<\/div><\/div><\/a><\/div><div class=\"cws_spacing cws_spacing_size_sm_desctop-on cws_spacing_tablet-on cws_spacing_mobile-on\"><div class=\"cws_spacing cws_spacing_default\" style=\"height:30px;\"><\/div> <div class=\"cws_spacing cws_spacing_size_sm_desctop\" style=\"height:30px;\"><\/div> <div class=\"cws_spacing cws_spacing_tablet\" style=\"height:30px;\"><\/div> <div class=\"cws_spacing cws_spacing_mobile\" style=\"height:30px;\"><\/div><\/div><div id='cws_service_item_69e33a018d8bd' class='cws_service_item cws_vc_shortcode_module title_beside style_default a-left v-top'><a href='#' class='cws_service_item_wrapper clearfix'><span class='cws_service_icon_wrapper cws_service_side'><i class='cws_service_icon flaticon-check'><\/i><\/span><div class='cws_service_info'><h6 class='cws_service_title'>Initiative<\/h6><div class='divider'><\/div><div class='cws_service_desc clearfix'><p>Wir nutzen jede Ressource, sei sie eine menschliche oder nicht, indem wir st\u00e4ndigen pers\u00f6nlichen und physischen Fortschritt beabsichtigen, der von den gemeinsamen Ideen stammt.<\/p>\n<\/div><\/div><\/a><\/div><div class=\"cws_spacing cws_spacing_size_sm_desctop-on cws_spacing_tablet-on cws_spacing_mobile-on\"><div class=\"cws_spacing cws_spacing_default\" style=\"height:30px;\"><\/div> <div class=\"cws_spacing cws_spacing_size_sm_desctop\" style=\"height:30px;\"><\/div> <div class=\"cws_spacing cws_spacing_tablet\" style=\"height:30px;\"><\/div> <div class=\"cws_spacing cws_spacing_mobile\" style=\"height:30px;\"><\/div><\/div><div id='cws_service_item_69e33a018db72' class='cws_service_item cws_vc_shortcode_module title_beside style_default a-left v-top'><a href='#' class='cws_service_item_wrapper clearfix'><span class='cws_service_icon_wrapper cws_service_side'><i class='cws_service_icon flaticon-check'><\/i><\/span><div class='cws_service_info'><h6 class='cws_service_title'>Treue<\/h6><div class='divider'><\/div><div class='cws_service_desc clearfix'><p>Das Unternehmen und ihre Mitarbeiter zeigen Treue gegen\u00fcber dem Kunden und einander gegen\u00fcber.<\/p>\n<\/div><\/div><\/a><\/div>[\/vc_column_inner][vc_column_inner width=&#8221;7\/12&#8243;][vc_column_text]<img loading=\"lazy\" decoding=\"async\" class=\"size-full wp-image-1304 aligncenter\" src=\"http:\/\/www.drijanshpk.com\/wp-content\/uploads\/2019\/01\/7_2-1.jpg\" alt=\"\" width=\"1520\" height=\"1080\" srcset=\"https:\/\/drijanshpk.com\/wp-content\/uploads\/2019\/01\/7_2-1.jpg 1520w, https:\/\/drijanshpk.com\/wp-content\/uploads\/2019\/01\/7_2-1-300x213.jpg 300w, https:\/\/drijanshpk.com\/wp-content\/uploads\/2019\/01\/7_2-1-1024x728.jpg 1024w, https:\/\/drijanshpk.com\/wp-content\/uploads\/2019\/01\/7_2-1-768x546.jpg 768w\" sizes=\"auto, (max-width: 1520px) 100vw, 1520px\" \/>[\/vc_column_text][\/vc_column_inner][\/vc_row_inner][\/vc_column][\/vc_row][vc_row][vc_column][vc_column_text]\n[\/vc_column_text][\/vc_column][\/vc_row]<\/div>","protected":false},"excerpt":{"rendered":"<p>[vc_row][vc_column][vc_column_text][\/vc_column_text][\/vc_column][\/vc_row][vc_row][vc_column][vc_column_text][\/vc_column_text][\/vc_column][\/vc_row][vc_row][vc_column][vc_column_text][\/vc_column_text][\/vc_column][\/vc_row][vc_row][vc_column][vc_column_text][\/vc_column_text][\/vc_column][\/vc_row][vc_row][vc_column][vc_column_text][\/vc_column_text][\/vc_column][\/vc_row]<\/p>\n","protected":false},"author":2,"featured_media":0,"parent":0,"menu_order":0,"comment_status":"closed","ping_status":"closed","template":"","meta":{"_coblocks_attr":"","_coblocks_dimensions":"","_coblocks_responsive_height":"","_coblocks_accordion_ie_support":"","footnotes":""},"class_list":["post-3673","page","type-page","status-publish","hentry"],"_links":{"self":[{"href":"https:\/\/drijanshpk.com\/index.php?rest_route=\/wp\/v2\/pages\/3673","targetHints":{"allow":["GET"]}}],"collection":[{"href":"https:\/\/drijanshpk.com\/index.php?rest_route=\/wp\/v2\/pages"}],"about":[{"href":"https:\/\/drijanshpk.com\/index.php?rest_route=\/wp\/v2\/types\/page"}],"author":[{"embeddable":true,"href":"https:\/\/drijanshpk.com\/index.php?rest_route=\/wp\/v2\/users\/2"}],"replies":[{"embeddable":true,"href":"https:\/\/drijanshpk.com\/index.php?rest_route=%2Fwp%2Fv2%2Fcomments&post=3673"}],"version-history":[{"count":3,"href":"https:\/\/drijanshpk.com\/index.php?rest_route=\/wp\/v2\/pages\/3673\/revisions"}],"predecessor-version":[{"id":3705,"href":"https:\/\/drijanshpk.com\/index.php?rest_route=\/wp\/v2\/pages\/3673\/revisions\/3705"}],"wp:attachment":[{"href":"https:\/\/drijanshpk.com\/index.php?rest_route=%2Fwp%2Fv2%2Fmedia&parent=3673"}],"curies":[{"name":"wp","href":"https:\/\/api.w.org\/{rel}","templated":true}]}}