{"id":3643,"date":"2021-03-23T21:38:12","date_gmt":"2021-03-23T21:38:12","guid":{"rendered":"https:\/\/www.drijanshpk.com\/?page_id=3643"},"modified":"2021-03-24T09:05:03","modified_gmt":"2021-03-24T09:05:03","slug":"entrepot-douanier-et-entrepot-temporaire","status":"publish","type":"page","link":"https:\/\/drijanshpk.com\/?page_id=3643","title":{"rendered":"Entrep\u00f4t douanier et entrep\u00f4t temporaire"},"content":{"rendered":"<div class=\"wpb-content-wrapper\">[vc_row][vc_column][vc_column_text][\/vc_column_text][\/vc_column][\/vc_row][vc_row][vc_column][vc_row_inner equal_height=&#8221;yes&#8221;][vc_column_inner width=&#8221;5\/12&#8243;]<div class=\"cws_spacing cws_spacing_size_sm_desctop-on cws_spacing_tablet-on cws_spacing_mobile-on\"><div class=\"cws_spacing cws_spacing_default\" style=\"height:70px;\"><\/div> <div class=\"cws_spacing cws_spacing_size_sm_desctop\" style=\"height:70px;\"><\/div> <div class=\"cws_spacing cws_spacing_tablet\" style=\"height:70px;\"><\/div> <div class=\"cws_spacing cws_spacing_mobile\" style=\"height:0px;\"><\/div><\/div><div class='cws_textmodule cws_vc_shortcode_module  vc_custom_1616536997295' id='cws_textmodule_69e33aaa1d65b'><div class='cws_textmodule_wrapper '><div class='cws_textmodule_text text_align_left'><div class='cws_textmodule_titles display_block'><h1 class='cws_textmodule_title'><span>Entreposage<\/span><\/h1><\/div><div class='cws_textmodule_content'><div class='text_content_wrapper'>\n<p>Nous vous proposons un service d&#8217;entrep\u00f4t douanier et d&#8217;entreposage temporaire s\u00e9curis\u00e9 et de qualit\u00e9, vous accompagnant avec soin et pr\u00e9cision dans toutes les d\u00e9marches administratives et bureaucratiques, gr\u00e2ce aux nombreuses ann\u00e9es d&#8217;exp\u00e9rience de nos collaborateurs dans le domaine du transport international, de la logistique et de l&#8217;assistance douani\u00e8re.<\/p>\n<p><strong>Pour votre entrep\u00f4t douanier, nous nous occupons de tout<br \/><\/strong>Nous prenons \u00e9galement en charge l&#8217;entrep\u00f4t douanier pour le stockage des marchandises dans des zones (entrep\u00f4ts) sous le contr\u00f4le de l&#8217;Agence des douanes afin que votre entreprise puisse b\u00e9n\u00e9ficier d&#8217;une exon\u00e9ration de droits et autres taxes jusqu&#8217;au moment de l&#8217;importation des marchandises.<br \/>Notre personnel se chargera ensuite de toutes les proc\u00e9dures de demande et de la documentation n\u00e9cessaires pour acc\u00e9der \u00e0 ce type particulier d\u2019exon\u00e9rations fiscales.<\/p>\n<\/div><\/div><\/div><\/div><\/div><div class=\"cws_spacing\"><div class=\"cws_spacing cws_spacing_default\" style=\"height:50px;\"><\/div><\/div>[\/vc_column_inner][vc_column_inner width=&#8221;7\/12&#8243;][vc_single_image image=&#8221;2122&#8243; img_size=&#8221;full&#8221; alignment=&#8221;center&#8221;][\/vc_column_inner][\/vc_row_inner]<div class=\"cws_spacing\"><div class=\"cws_spacing cws_spacing_default\" style=\"height:100px;\"><\/div><\/div>[\/vc_column][\/vc_row][vc_row][vc_column][vc_column_text]\n[\/vc_column_text][\/vc_column][\/vc_row][vc_row][vc_column][vc_column_text][\/vc_column_text][\/vc_column][\/vc_row][vc_row full_width=&#8221;stretch_row&#8221; css=&#8221;.vc_custom_1548751553435{background-color: #fb4f3e !important;}&#8221;][vc_column]<div class='cws_textmodule cws_vc_shortcode_module' id='cws_textmodule_69e33aaa1d950'><div class='cws_textmodule_wrapper '><div class='cws_textmodule_text text_align_center'><div class='cws_textmodule_titles display_block'><h1 class='cws_textmodule_title'><span>Services connect\u00e9s :<\/span><\/h1><\/div><div class='cws_textmodule_content'><div class='text_content_wrapper'><p>Nous garantissons des services logistiques complets comprenant:<\/p>\n<\/div><\/div><\/div><\/div><\/div>[\/vc_column][\/vc_row][vc_row][vc_column][vc_column_text][vc_row][vc_column width=&#8221;1\/1&#8243;][vc_column_text]\n[\/vc_column_text][\/vc_column][\/vc_row][vc_row full_width=&#8221;stretch_row_content_no_spaces&#8221;][vc_column]<div id='tabs_gallery_id_69e33aaa1e3bc' class='shortcode_tabs_gallery '><div class='container'><div class='tabs_content'><div class='tabs_controls'><div class='tabs_control_item active'><div class='tabs_control_title'>Assurance sur les marchandises<\/div><div class='tabs_control_counter'>01<\/div><\/div><div class='tabs_control_item'><div class='tabs_control_title'>Traitement des envois en import et en export<\/div><div class='tabs_control_counter'>02<\/div><\/div><div class='tabs_control_item'><div class='tabs_control_title'>D\u00e9p\u00f4t de TVA<\/div><div class='tabs_control_counter'>03<\/div><\/div><div class='tabs_control_item'><div class='tabs_control_title'>Service interne des douanes<\/div><div class='tabs_control_counter'>04<\/div><\/div><div class='tabs_control_item'><div class='tabs_control_title'>Pick &amp; Pack, co-packing, emballage en aluminium, \u00e9tiquetage<\/div><div class='tabs_control_counter'>05<\/div><\/div><div class='tabs_control_item'><div class='tabs_control_title'>Logistique de stockage temporaire de marchandises<\/div><div class='tabs_control_counter'>06<\/div><\/div><div class='tabs_control_item'><div class='tabs_control_title'>Gestion des stocks (FIFO, LIFO, FEFO)<\/div><div class='tabs_control_counter'>07<\/div><\/div><div class='tabs_control_item'><div class='tabs_control_title'>Rapports d&#039;inventaire<\/div><div class='tabs_control_counter'>08<\/div><\/div><div class='tabs_control_item'><div class='tabs_control_title'>Gestion des retours<\/div><div class='tabs_control_counter'>09<\/div><\/div><div class='tabs_control_item'><div class='tabs_control_title'>Services de douane et d&#039;accise<\/div><div class='tabs_control_counter'>10<\/div><\/div><div class='tabs_control_item'><div class='tabs_control_title'>Assurance sur les marchandises<\/div><div class='tabs_control_counter'>11<\/div><\/div><\/div><div class='tabs_text_wrapper'><div class='tab tabs_text'><h3 class='tab_text_title'>Assurance sur les marchandises<\/h3><\/div><div class='tab tabs_text'><h3 class='tab_text_title'>Traitement des envois en import et en export<\/h3><\/div><div class='tab tabs_text'><h3 class='tab_text_title'>D\u00e9p\u00f4t de TVA<\/h3><\/div><div class='tab tabs_text'><h3 class='tab_text_title'>Service interne des douanes<\/h3><\/div><div class='tab tabs_text'><h3 class='tab_text_title'>Pick &amp; Pack, co-packing, emballage en aluminium, \u00e9tiquetage<\/h3><\/div><div class='tab tabs_text'><h3 class='tab_text_title'>Logistique de stockage temporaire de marchandises<\/h3><\/div><div class='tab tabs_text'><h3 class='tab_text_title'>Gestion des stocks (FIFO, LIFO, FEFO)<\/h3><\/div><div class='tab tabs_text'><h3 class='tab_text_title'>Rapports d&#039;inventaire<\/h3><\/div><div class='tab tabs_text'><h3 class='tab_text_title'>Gestion des retours<\/h3><\/div><div class='tab tabs_text'><h3 class='tab_text_title'>Services de douane et d&#039;accise<\/h3><\/div><div class='tab tabs_text'><h3 class='tab_text_title'>Assurance sur les marchandises<\/h3><\/div><\/div><\/div><\/div><div class='tabs_bg'><div class='tabs_content_placeholder'><\/div><div class='tabs_gallery'><div class='tabs_gallery_item' style='background-image: url(https:\/\/drijanshpk.com\/wp-content\/uploads\/2019\/02\/2-1.jpg);'><\/div><div class='tabs_gallery_item' style='background-image: url(https:\/\/drijanshpk.com\/wp-content\/uploads\/2019\/01\/9_fullhd-1.jpg);'><\/div><div class='tabs_gallery_item' style='background-image: url(https:\/\/drijanshpk.com\/wp-content\/uploads\/2019\/01\/7_2-1.jpg);'><\/div><div class='tabs_gallery_item' style='background-image: url(https:\/\/drijanshpk.com\/wp-content\/uploads\/2019\/01\/11-3.jpg);'><\/div><div class='tabs_gallery_item' style='background-image: url(https:\/\/drijanshpk.com\/wp-content\/uploads\/2019\/01\/11-3.jpg);'><\/div><div class='tabs_gallery_item' style='background-image: url(https:\/\/drijanshpk.com\/wp-content\/uploads\/2019\/01\/11-3.jpg);'><\/div><div class='tabs_gallery_item' style='background-image: url(https:\/\/drijanshpk.com\/wp-content\/uploads\/2019\/01\/11-3.jpg);'><\/div><div class='tabs_gallery_item' style='background-image: url(https:\/\/drijanshpk.com\/wp-content\/uploads\/2019\/01\/11-3.jpg);'><\/div><div class='tabs_gallery_item' style='background-image: url(https:\/\/drijanshpk.com\/wp-content\/uploads\/2019\/01\/11-3.jpg);'><\/div><div class='tabs_gallery_item' style='background-image: url(https:\/\/drijanshpk.com\/wp-content\/uploads\/2019\/01\/11-3.jpg);'><\/div><div class='tabs_gallery_item' style='background-image: url(https:\/\/drijanshpk.com\/wp-content\/uploads\/2019\/01\/11-3.jpg);'><\/div><\/div><\/div><\/div>[\/vc_column][\/vc_row][vc_row][vc_column][vc_column_text][\/vc_column_text][\/vc_column][\/vc_row][vc_row][vc_column]<div class=\"cws_spacing\"><div class=\"cws_spacing cws_spacing_default\" style=\"height:100px;\"><\/div><\/div><div class='cws_textmodule cws_vc_shortcode_module' id='cws_textmodule_69e33aaa1e737'><div class='cws_textmodule_wrapper '><div class='cws_textmodule_text text_align_center'><div class='cws_textmodule_titles display_block'><h1 class='cws_textmodule_title'><span>Entreposage et stockage<\/span><\/h1><\/div><div class='cws_textmodule_content'><div class='text_content_wrapper'><p>Le recours \u00e0 l&#8217;entrep\u00f4t douanier pr\u00e9sente de nombreux avantages. Certes financiers avec le paiement diff\u00e9r\u00e9 des taxes et des marchandises imm\u00e9diatement disponibles sans taxation lourde et imm\u00e9diatement pr\u00eates pour une exp\u00e9dition rapide.<\/p>\n<\/div><\/div><\/div><\/div><\/div><div class=\"cws_spacing\"><div class=\"cws_spacing cws_spacing_default\" style=\"height:100px;\"><\/div><\/div>[\/vc_column][\/vc_row][vc_row][vc_column][vc_column_text]\n[\/vc_column_text][\/vc_column][\/vc_row][vc_row][vc_column][vc_column_text][\/vc_column_text][\/vc_column][\/vc_row][vc_row full_width=&#8221;stretch_row&#8221; bg_cws_color=&#8221;color&#8221; cws_overlay_color=&#8221;rgba(0,0,0,0.75)&#8221; css=&#8221;.vc_custom_1548762979291{background-image: url(http:\/\/www.drijanshpk.com\/wp-content\/uploads\/2019\/01\/8-4-1.jpg?id=2187) !important;}&#8221;][vc_column width=&#8221;1\/4&#8243;][\/vc_column][vc_column width=&#8221;1\/2&#8243;]<div class=\"cws_spacing\"><div class=\"cws_spacing cws_spacing_default\" style=\"height:100px;\"><\/div><\/div>[vc_single_image image=&#8221;62&#8243; img_size=&#8221;small&#8221; alignment=&#8221;center&#8221;]<div class='cws_textmodule cws_vc_shortcode_module' id='cws_textmodule_69e33aaa1ea4b'><div class='cws_textmodule_wrapper '><div class='cws_textmodule_text text_align_center'><div class='cws_textmodule_titles display_block'><h1 class='cws_textmodule_title'><span>Les entrep\u00f4ts sont \u00e9quip\u00e9s de:<\/span><\/h1><\/div><div class='cws_textmodule_content'><div class='text_content_wrapper'><ul>\n<li style=\"text-align: center;\">\n<p>Syst\u00e8me de rayonnage de stockage \u00e0 plusieurs niveaux<\/p>\n<\/li>\n<li style=\"text-align: center;\">\n<p>Syst\u00e8me de transport interne moderne<\/p>\n<\/li>\n<li style=\"text-align: center;\">\n<p>Portique d&#8217;une capacit\u00e9 de 50 tonnes, pouvant g\u00e9rer simultan\u00e9ment deux voies ferr\u00e9es sous le toit<\/p>\n<\/li>\n<li style=\"text-align: center;\">\n<p>Alarmes vid\u00e9o cam\u00e9ras surveill\u00e9es.<\/p>\n<\/li>\n<\/ul>\n<\/div><\/div><\/div><\/div><\/div><div class=\"cws_spacing\"><div class=\"cws_spacing cws_spacing_default\" style=\"height:100px;\"><\/div><\/div>[\/vc_column][vc_column width=&#8221;1\/4&#8243;][\/vc_column][\/vc_row][vc_row][vc_column][vc_column_text]\n[\/vc_column_text][\/vc_column][\/vc_row]<\/div>","protected":false},"excerpt":{"rendered":"<p>[vc_row][vc_column][vc_column_text][\/vc_column_text][\/vc_column][\/vc_row][vc_row][vc_column][vc_column_text][\/vc_column_text][\/vc_column][\/vc_row][vc_row full_width=&#8221;stretch_row_content_no_spaces&#8221;][vc_column][\/vc_column][\/vc_row][vc_row][vc_column][vc_column_text][\/vc_column_text][\/vc_column][\/vc_row][vc_row][vc_column][vc_column_text][\/vc_column_text][\/vc_column][\/vc_row]<\/p>\n","protected":false},"author":2,"featured_media":0,"parent":0,"menu_order":0,"comment_status":"closed","ping_status":"closed","template":"","meta":{"_coblocks_attr":"","_coblocks_dimensions":"","_coblocks_responsive_height":"","_coblocks_accordion_ie_support":"","footnotes":""},"class_list":["post-3643","page","type-page","status-publish","hentry"],"_links":{"self":[{"href":"https:\/\/drijanshpk.com\/index.php?rest_route=\/wp\/v2\/pages\/3643","targetHints":{"allow":["GET"]}}],"collection":[{"href":"https:\/\/drijanshpk.com\/index.php?rest_route=\/wp\/v2\/pages"}],"about":[{"href":"https:\/\/drijanshpk.com\/index.php?rest_route=\/wp\/v2\/types\/page"}],"author":[{"embeddable":true,"href":"https:\/\/drijanshpk.com\/index.php?rest_route=\/wp\/v2\/users\/2"}],"replies":[{"embeddable":true,"href":"https:\/\/drijanshpk.com\/index.php?rest_route=%2Fwp%2Fv2%2Fcomments&post=3643"}],"version-history":[{"count":3,"href":"https:\/\/drijanshpk.com\/index.php?rest_route=\/wp\/v2\/pages\/3643\/revisions"}],"predecessor-version":[{"id":3668,"href":"https:\/\/drijanshpk.com\/index.php?rest_route=\/wp\/v2\/pages\/3643\/revisions\/3668"}],"wp:attachment":[{"href":"https:\/\/drijanshpk.com\/index.php?rest_route=%2Fwp%2Fv2%2Fmedia&parent=3643"}],"curies":[{"name":"wp","href":"https:\/\/api.w.org\/{rel}","templated":true}]}}