{"id":3533,"date":"2021-02-15T01:00:11","date_gmt":"2021-02-15T01:00:11","guid":{"rendered":"http:\/\/www.drijanshpk.com\/?page_id=3533"},"modified":"2021-03-24T09:04:43","modified_gmt":"2021-03-24T09:04:43","slug":"magazine","status":"publish","type":"page","link":"https:\/\/drijanshpk.com\/?page_id=3533","title":{"rendered":"Magazin\u00eb Doganore &#038; Magazin\u00eb e P\u00ebrkohshme"},"content":{"rendered":"<div class=\"wpb-content-wrapper\">[vc_row][vc_column][vc_column_text][\/vc_column_text][\/vc_column][\/vc_row][vc_row][vc_column][vc_row_inner equal_height=&#8221;yes&#8221;][vc_column_inner width=&#8221;5\/12&#8243;]<div class=\"cws_spacing cws_spacing_size_sm_desctop-on cws_spacing_tablet-on cws_spacing_mobile-on\"><div class=\"cws_spacing cws_spacing_default\" style=\"height:70px;\"><\/div> <div class=\"cws_spacing cws_spacing_size_sm_desctop\" style=\"height:70px;\"><\/div> <div class=\"cws_spacing cws_spacing_tablet\" style=\"height:70px;\"><\/div> <div class=\"cws_spacing cws_spacing_mobile\" style=\"height:0px;\"><\/div><\/div><div class='cws_textmodule cws_vc_shortcode_module  vc_custom_1613355080286' id='cws_textmodule_69e339d19c01e'><div class='cws_textmodule_wrapper '><div class='cws_textmodule_text text_align_left'><div class='cws_textmodule_titles display_block'><h1 class='cws_textmodule_title'><span>Magazinimi<\/span><\/h1><\/div><div class='cws_textmodule_content'><div class='text_content_wrapper'>\n<p>Ne ju ofrojm\u00eb magazinim doganor dhe magazin te perkoheshme t\u00eb sigurt dhe cil\u00ebsor, duke ju ndihmuar me perkujdesjen dhe sakt\u00ebsi maksimale n\u00eb t\u00eb gjitha procedurat administrative dhe burokratike, fal\u00eb p\u00ebrvoj\u00ebs shum\u00ebvje\u00e7are t\u00eb stafit ton\u00eb ne transportin, logjistik\u00ebs dhe dogan\u00ebs.<\/p>\n<p>P\u00ebr magazin\u00ebn tuaj doganore, ne kujdesemi p\u00ebr gjith\u00e7ka<br \/>Ne gjithashtu kujdesemi p\u00ebr magazinimin doganor p\u00ebr ruajtjen e mallrave n\u00eb zona (depo) n\u00ebn kontrollin e Agjencis\u00eb Doganore n\u00eb m\u00ebnyr\u00eb q\u00eb kompania juaj t\u00eb p\u00ebrfitoj\u00eb nga p\u00ebrjashtimi nga taksat dhe taksat e tjera deri n\u00eb koh\u00ebn e importimit t\u00eb mallrave.<br \/>Stafi yn\u00eb do t\u00eb kujdeset p\u00ebr t\u00eb gjitha procedurat e aplikimit dhe dokumentacionin e k\u00ebrkuar p\u00ebr t\u00eb perfituar kete mundesi te perjasjtimit te perkoheshem nga taksat.<\/p>\n<\/div><\/div><\/div><\/div><\/div><div class=\"cws_spacing\"><div class=\"cws_spacing cws_spacing_default\" style=\"height:50px;\"><\/div><\/div>[\/vc_column_inner][vc_column_inner width=&#8221;7\/12&#8243;][vc_single_image image=&#8221;2122&#8243; img_size=&#8221;full&#8221; alignment=&#8221;center&#8221;][\/vc_column_inner][\/vc_row_inner]<div class=\"cws_spacing\"><div class=\"cws_spacing cws_spacing_default\" style=\"height:100px;\"><\/div><\/div>[\/vc_column][\/vc_row][vc_row][vc_column][vc_column_text]\n[\/vc_column_text][\/vc_column][\/vc_row][vc_row][vc_column][vc_column_text][\/vc_column_text][\/vc_column][\/vc_row][vc_row full_width=&#8221;stretch_row&#8221; css=&#8221;.vc_custom_1548751553435{background-color: #fb4f3e !important;}&#8221;][vc_column]<div class='cws_textmodule cws_vc_shortcode_module' id='cws_textmodule_69e339d19c292'><div class='cws_textmodule_wrapper '><div class='cws_textmodule_text text_align_center'><div class='cws_textmodule_titles display_block'><h1 class='cws_textmodule_title'><span>Sh\u00ebrbimet e Lidhura:<\/span><\/h1><\/div><div class='cws_textmodule_content'><div class='text_content_wrapper'><p>Ne garantojm\u00eb sh\u00ebrbime gjith\u00ebp\u00ebrfshir\u00ebse logjistike duke p\u00ebrfshir\u00eb:<\/p>\n<p>&nbsp;<\/p>\n<\/div><\/div><\/div><\/div><\/div>[\/vc_column][\/vc_row][vc_row][vc_column][vc_column_text][vc_row][vc_column width=&#8221;1\/1&#8243;][vc_column_text]\n[\/vc_column_text][\/vc_column][\/vc_row][vc_row full_width=&#8221;stretch_row_content_no_spaces&#8221;][vc_column]<div id='tabs_gallery_id_69e339d19cbb7' class='shortcode_tabs_gallery '><div class='container'><div class='tabs_content'><div class='tabs_controls'><div class='tabs_control_item active'><div class='tabs_control_title'>Insurance on goods<\/div><div class='tabs_control_counter'>01<\/div><\/div><div class='tabs_control_item'><div class='tabs_control_title'>Processing of shipments in Import and in Export<\/div><div class='tabs_control_counter'>02<\/div><\/div><div class='tabs_control_item'><div class='tabs_control_title'>VAT deposit<\/div><div class='tabs_control_counter'>03<\/div><\/div><div class='tabs_control_item'><div class='tabs_control_title'>Internal Customs Service<\/div><div class='tabs_control_counter'>04<\/div><\/div><div class='tabs_control_item'><div class='tabs_control_title'>Pick &amp; Pack, Co-packing, foil wrapping, labelling<\/div><div class='tabs_control_counter'>05<\/div><\/div><div class='tabs_control_item'><div class='tabs_control_title'>Temporary goods storage logistics<\/div><div class='tabs_control_counter'>06<\/div><\/div><div class='tabs_control_item'><div class='tabs_control_title'>Stock management (FIFO, LIFO, FEFO)<\/div><div class='tabs_control_counter'>07<\/div><\/div><div class='tabs_control_item'><div class='tabs_control_title'>Inventory reporting<\/div><div class='tabs_control_counter'>08<\/div><\/div><div class='tabs_control_item'><div class='tabs_control_title'>Returns management<\/div><div class='tabs_control_counter'>09<\/div><\/div><div class='tabs_control_item'><div class='tabs_control_title'>Customs and excise services<\/div><div class='tabs_control_counter'>10<\/div><\/div><\/div><div class='tabs_text_wrapper'><div class='tab tabs_text'><h3 class='tab_text_title'>Insurance on goods<\/h3><\/div><div class='tab tabs_text'><h3 class='tab_text_title'>Processing of shipments in Import and in Export<\/h3><\/div><div class='tab tabs_text'><h3 class='tab_text_title'>VAT deposit<\/h3><\/div><div class='tab tabs_text'><h3 class='tab_text_title'>Internal Customs Service<\/h3><\/div><div class='tab tabs_text'><h3 class='tab_text_title'>Pick &amp; Pack, Co-packing, foil wrapping, labelling<\/h3><\/div><div class='tab tabs_text'><h3 class='tab_text_title'>Temporary goods storage logistics<\/h3><\/div><div class='tab tabs_text'><h3 class='tab_text_title'>Stock management (FIFO, LIFO, FEFO)<\/h3><\/div><div class='tab tabs_text'><h3 class='tab_text_title'>Inventory reporting<\/h3><\/div><div class='tab tabs_text'><h3 class='tab_text_title'>Returns management<\/h3><\/div><div class='tab tabs_text'><h3 class='tab_text_title'>Customs and excise services<\/h3><\/div><\/div><\/div><\/div><div class='tabs_bg'><div class='tabs_content_placeholder'><\/div><div class='tabs_gallery'><div class='tabs_gallery_item' style='background-image: url(https:\/\/drijanshpk.com\/wp-content\/uploads\/2019\/02\/2-1.jpg);'><\/div><div class='tabs_gallery_item' style='background-image: url(https:\/\/drijanshpk.com\/wp-content\/uploads\/2019\/01\/9_fullhd-1.jpg);'><\/div><div class='tabs_gallery_item' style='background-image: url(https:\/\/drijanshpk.com\/wp-content\/uploads\/2019\/01\/7_2-1.jpg);'><\/div><div class='tabs_gallery_item' style='background-image: url(https:\/\/drijanshpk.com\/wp-content\/uploads\/2019\/01\/11-3.jpg);'><\/div><div class='tabs_gallery_item' style='background-image: url(https:\/\/drijanshpk.com\/wp-content\/uploads\/2019\/01\/11-3.jpg);'><\/div><div class='tabs_gallery_item' style='background-image: url(https:\/\/drijanshpk.com\/wp-content\/uploads\/2019\/01\/11-3.jpg);'><\/div><div class='tabs_gallery_item' style='background-image: url(https:\/\/drijanshpk.com\/wp-content\/uploads\/2019\/01\/11-3.jpg);'><\/div><div class='tabs_gallery_item' style='background-image: url(https:\/\/drijanshpk.com\/wp-content\/uploads\/2019\/01\/11-3.jpg);'><\/div><div class='tabs_gallery_item' style='background-image: url(https:\/\/drijanshpk.com\/wp-content\/uploads\/2019\/01\/11-3.jpg);'><\/div><div class='tabs_gallery_item' style='background-image: url(https:\/\/drijanshpk.com\/wp-content\/uploads\/2019\/01\/11-3.jpg);'><\/div><\/div><\/div><\/div>[\/vc_column][\/vc_row][vc_row][vc_column][vc_column_text][\/vc_column_text][\/vc_column][\/vc_row][vc_row][vc_column]<div class=\"cws_spacing\"><div class=\"cws_spacing cws_spacing_default\" style=\"height:100px;\"><\/div><\/div><div class='cws_textmodule cws_vc_shortcode_module' id='cws_textmodule_69e339d19ce61'><div class='cws_textmodule_wrapper '><div class='cws_textmodule_text text_align_center'><div class='cws_textmodule_titles display_block'><h1 class='cws_textmodule_title'><span>Magazinimi dhe magazinimi<\/span><\/h1><\/div><div class='cws_textmodule_content'><div class='text_content_wrapper'><p style=\"margin-bottom: 0px;\">Ekzistojn\u00eb p\u00ebrpar\u00ebsi t\u00eb shumta n\u00eb p\u00ebrdorimin e magazinimit doganor. Sigurisht q\u00eb financimi n\u00eb pagimin e shtyr\u00eb t\u00eb taksave, mallrat jan\u00eb menj\u00ebher\u00eb n\u00eb dispozicion pa nj\u00eb taksim t\u00eb r\u00ebnd\u00eb dhe menj\u00ebher\u00eb t\u00eb gatsh\u00ebm p\u00ebr d\u00ebrges\u00eb t\u00eb shpejt\u00eb.<\/p>\n<\/div><\/div><\/div><\/div><\/div><div class=\"cws_spacing\"><div class=\"cws_spacing cws_spacing_default\" style=\"height:100px;\"><\/div><\/div>[\/vc_column][\/vc_row][vc_row][vc_column][vc_column_text]\n[\/vc_column_text][\/vc_column][\/vc_row][vc_row][vc_column][vc_column_text][\/vc_column_text][\/vc_column][\/vc_row][vc_row full_width=&#8221;stretch_row&#8221; bg_cws_color=&#8221;color&#8221; cws_overlay_color=&#8221;rgba(0,0,0,0.75)&#8221; css=&#8221;.vc_custom_1548762979291{background-image: url(http:\/\/www.drijanshpk.com\/wp-content\/uploads\/2019\/01\/8-4-1.jpg?id=2187) !important;}&#8221;][vc_column width=&#8221;1\/4&#8243;][\/vc_column][vc_column width=&#8221;1\/2&#8243;]<div class=\"cws_spacing\"><div class=\"cws_spacing cws_spacing_default\" style=\"height:100px;\"><\/div><\/div>[vc_single_image image=&#8221;62&#8243; img_size=&#8221;small&#8221; alignment=&#8221;center&#8221;]<div class='cws_textmodule cws_vc_shortcode_module' id='cws_textmodule_69e339d19d0bd'><div class='cws_textmodule_wrapper '><div class='cws_textmodule_text text_align_center'><div class='cws_textmodule_titles display_block'><h1 class='cws_textmodule_title'><span>Depot jan\u00eb t\u00eb pajisura me:<\/span><\/h1><\/div><div class='cws_textmodule_content'><div class='text_content_wrapper'><ul>\n<li style=\"text-align: center;\">Sistemi i grumbullimit t\u00eb magazinimit n\u00eb shum\u00eb nivele<\/li>\n<li style=\"text-align: center;\">Sistemi modern i transportit t\u00eb brendsh\u00ebm<\/li>\n<li style=\"text-align: center;\">Port\u00eb me kapacitet prej 50 ton\u00eb, e cila mund t\u00eb trajtoj\u00eb nj\u00ebkoh\u00ebsisht dy shina hekurudhore n\u00ebn \u00e7ati<\/li>\n<li style=\"text-align: center;\">Videokamera t\u00eb alarmuara monitorohen.<\/li>\n<\/ul>\n<\/div><\/div><\/div><\/div><\/div><div class=\"cws_spacing\"><div class=\"cws_spacing cws_spacing_default\" style=\"height:100px;\"><\/div><\/div>[\/vc_column][vc_column width=&#8221;1\/4&#8243;][\/vc_column][\/vc_row][vc_row][vc_column][vc_column_text]\n[\/vc_column_text][\/vc_column][\/vc_row]<\/div>","protected":false},"excerpt":{"rendered":"<p>[vc_row][vc_column][vc_column_text][\/vc_column_text][\/vc_column][\/vc_row][vc_row][vc_column][vc_column_text][\/vc_column_text][\/vc_column][\/vc_row][vc_row full_width=&#8221;stretch_row_content_no_spaces&#8221;][vc_column][\/vc_column][\/vc_row][vc_row][vc_column][vc_column_text][\/vc_column_text][\/vc_column][\/vc_row][vc_row][vc_column][vc_column_text][\/vc_column_text][\/vc_column][\/vc_row]<\/p>\n","protected":false},"author":2,"featured_media":0,"parent":0,"menu_order":0,"comment_status":"closed","ping_status":"closed","template":"","meta":{"_coblocks_attr":"","_coblocks_dimensions":"","_coblocks_responsive_height":"","_coblocks_accordion_ie_support":"","footnotes":""},"class_list":["post-3533","page","type-page","status-publish","hentry"],"_links":{"self":[{"href":"https:\/\/drijanshpk.com\/index.php?rest_route=\/wp\/v2\/pages\/3533","targetHints":{"allow":["GET"]}}],"collection":[{"href":"https:\/\/drijanshpk.com\/index.php?rest_route=\/wp\/v2\/pages"}],"about":[{"href":"https:\/\/drijanshpk.com\/index.php?rest_route=\/wp\/v2\/types\/page"}],"author":[{"embeddable":true,"href":"https:\/\/drijanshpk.com\/index.php?rest_route=\/wp\/v2\/users\/2"}],"replies":[{"embeddable":true,"href":"https:\/\/drijanshpk.com\/index.php?rest_route=%2Fwp%2Fv2%2Fcomments&post=3533"}],"version-history":[{"count":4,"href":"https:\/\/drijanshpk.com\/index.php?rest_route=\/wp\/v2\/pages\/3533\/revisions"}],"predecessor-version":[{"id":3667,"href":"https:\/\/drijanshpk.com\/index.php?rest_route=\/wp\/v2\/pages\/3533\/revisions\/3667"}],"wp:attachment":[{"href":"https:\/\/drijanshpk.com\/index.php?rest_route=%2Fwp%2Fv2%2Fmedia&parent=3533"}],"curies":[{"name":"wp","href":"https:\/\/api.w.org\/{rel}","templated":true}]}}